{"id":109,"date":"2015-12-08T22:01:42","date_gmt":"2015-12-08T21:01:42","guid":{"rendered":"http:\/\/localhost\/wordpress-incognito\/?page_id=109"},"modified":"2025-08-01T11:29:10","modified_gmt":"2025-08-01T10:29:10","slug":"equipe","status":"publish","type":"page","link":"https:\/\/antoinebtx.fr\/wordpress-incognito\/agence\/equipe\/","title":{"rendered":"Equipe"},"content":{"rendered":"<p><strong>Alain Dumont<\/strong> \/ Architecte DPLG \/ Sc\u00e9nographe et sc\u00e9nologue dipl\u00f4m\u00e9 d&rsquo;\u00e9tat (CEA en Architecture et Sc\u00e9nologie)<\/p>\n<p style=\"margin: 0cm; text-align: justify;\">G\u00e9rant de la SARL INCOGNITO Architecture &amp; Sc\u00e9nographie<br \/>\nFormation \u00ab Programmation des espaces culturels \u00e0 l\u2019\u00e9preuve de l\u2019usage \u00bb<br \/>\nExpert Sc\u00e9nographe en Ile et Vilaine de 2005 \u00e0 2007Adh\u00e9rant \u00e0 l&rsquo;UDS (Union Des Sc\u00e9nographes)<\/p>\n<p style=\"margin: 0cm; text-align: justify;\">Formations \u00ab Objectif terre \u00bb (construction en terre crue, projets neufs et restauration), \u00ab\u00a0(Re)Construire en pierre naturelle \u00bb, FIBOIS Bretagne bases de la construction bois<\/p>\n<p><b>Sophie Roche<\/b> \/ Architecte DPLG<\/p>\n<p style=\"margin: 0cm;\">Architecte associ\u00e9e de la SARL INCOGNITO Architecture &amp; Sc\u00e9nographie<br \/>\nNomination nationale au \u00ab\u00a0Prix des Cubes d&rsquo;Or Architectures &amp; Enfants\u00a0\u00bb de l&rsquo;UIA (Union Internationale des Architectes) dans la cat\u00e9gorie \u00ab\u00a0Ecoles\u00a0\u00bb<br \/>\nFormations \u00ab Transmettre l&rsquo;Architecture en Pays de la Loire \u00bb avec l&rsquo;ENSA de Grenoble, \u00ab Transmettre l&rsquo;Architecture en milieu scolaire \u00bb avec le CREPA<\/p>\n<p style=\"margin: 0cm;\">Formation qualifiante \u00e0 la Construction paille selon les r\u00e8gles professionnelles<\/p>\n","protected":false},"excerpt":{"rendered":"<p>Alain Dumont \/ Architecte DPLG \/ Sc\u00e9nographe et sc\u00e9nologue dipl\u00f4m\u00e9 d&rsquo;\u00e9tat (CEA en Architecture et Sc\u00e9nologie) G\u00e9rant de la SARL INCOGNITO Architecture &amp; Sc\u00e9nographie Formation \u00ab Programmation des espaces culturels \u00e0 l\u2019\u00e9preuve de l\u2019usage \u00bb Expert Sc\u00e9nographe en Ile et Vilaine de 2005 \u00e0 2007Adh\u00e9rant \u00e0 l&rsquo;UDS (Union Des Sc\u00e9nographes) Formations \u00ab Objectif terre \u00bb [&hellip;]<\/p>\n","protected":false},"author":1,"featured_media":0,"parent":18,"menu_order":2,"comment_status":"open","ping_status":"open","template":"template-agence-equipe.php","meta":{"footnotes":""},"class_list":["post-109","page","type-page","status-publish","hentry"],"_links":{"self":[{"href":"https:\/\/antoinebtx.fr\/wordpress-incognito\/wp-json\/wp\/v2\/pages\/109","targetHints":{"allow":["GET"]}}],"collection":[{"href":"https:\/\/antoinebtx.fr\/wordpress-incognito\/wp-json\/wp\/v2\/pages"}],"about":[{"href":"https:\/\/antoinebtx.fr\/wordpress-incognito\/wp-json\/wp\/v2\/types\/page"}],"author":[{"embeddable":true,"href":"https:\/\/antoinebtx.fr\/wordpress-incognito\/wp-json\/wp\/v2\/users\/1"}],"replies":[{"embeddable":true,"href":"https:\/\/antoinebtx.fr\/wordpress-incognito\/wp-json\/wp\/v2\/comments?post=109"}],"version-history":[{"count":17,"href":"https:\/\/antoinebtx.fr\/wordpress-incognito\/wp-json\/wp\/v2\/pages\/109\/revisions"}],"predecessor-version":[{"id":1945,"href":"https:\/\/antoinebtx.fr\/wordpress-incognito\/wp-json\/wp\/v2\/pages\/109\/revisions\/1945"}],"up":[{"embeddable":true,"href":"https:\/\/antoinebtx.fr\/wordpress-incognito\/wp-json\/wp\/v2\/pages\/18"}],"wp:attachment":[{"href":"https:\/\/antoinebtx.fr\/wordpress-incognito\/wp-json\/wp\/v2\/media?parent=109"}],"curies":[{"name":"wp","href":"https:\/\/api.w.org\/{rel}","templated":true}]}}